{"id":134,"date":"2021-03-12T09:51:41","date_gmt":"2021-03-12T09:51:41","guid":{"rendered":"http:\/\/projectesachsenhausen.amical-mauthausen.org\/testimonis\/"},"modified":"2023-06-28T11:59:53","modified_gmt":"2023-06-28T11:59:53","slug":"testimonios","status":"publish","type":"page","link":"https:\/\/projectesachsenhausen.amical-mauthausen.org\/es\/testimonios\/","title":{"rendered":"Testimonios y biograf\u00edas"},"content":{"rendered":"<p>La mayor\u00eda de los republicanos deportados a Sachsenhausen llegaron desde Compi\u00e8gne a partir de enero de 1943. Aun as\u00ed, en los registros del campo queda constatado que en 1941 ya hab\u00eda presencia espa\u00f1ola en el campo, concretamente la de un republicano, llamado Pedro Arroyo Navarro, internado el 14 de junio y del que no qued\u00f3 informaci\u00f3n de su destino. El 20 de octubre de 1942, llegaron al campo 6 espa\u00f1oles m\u00e1s, originarios de Sevilla y alrededores. Eran trabajadores forzados en una f\u00e1brica de neum\u00e1ticos en Hannover que fueron internados en el campo como represalia por actividades de sabotaje.<\/p>\n","protected":false},"excerpt":{"rendered":"<p>La mayor\u00eda de los republicanos deportados a Sachsenhausen llegaron desde Compi\u00e8gne a partir de enero de 1943. Aun as\u00ed, en los registros del campo queda constatado que en 1941 ya hab\u00eda presencia espa\u00f1ola en el campo, concretamente la de un republicano, llamado Pedro Arroyo Navarro, internado el 14 de junio y del que no qued\u00f3 [&hellip;]<\/p>\n","protected":false},"author":1,"featured_media":0,"parent":0,"menu_order":0,"comment_status":"closed","ping_status":"closed","template":"page-testimonios.php","meta":{"_acf_changed":false,"footnotes":""},"class_list":["post-134","page","type-page","status-publish","hentry"],"acf":[],"_links":{"self":[{"href":"https:\/\/projectesachsenhausen.amical-mauthausen.org\/es\/wp-json\/wp\/v2\/pages\/134","targetHints":{"allow":["GET"]}}],"collection":[{"href":"https:\/\/projectesachsenhausen.amical-mauthausen.org\/es\/wp-json\/wp\/v2\/pages"}],"about":[{"href":"https:\/\/projectesachsenhausen.amical-mauthausen.org\/es\/wp-json\/wp\/v2\/types\/page"}],"author":[{"embeddable":true,"href":"https:\/\/projectesachsenhausen.amical-mauthausen.org\/es\/wp-json\/wp\/v2\/users\/1"}],"replies":[{"embeddable":true,"href":"https:\/\/projectesachsenhausen.amical-mauthausen.org\/es\/wp-json\/wp\/v2\/comments?post=134"}],"version-history":[{"count":13,"href":"https:\/\/projectesachsenhausen.amical-mauthausen.org\/es\/wp-json\/wp\/v2\/pages\/134\/revisions"}],"predecessor-version":[{"id":270,"href":"https:\/\/projectesachsenhausen.amical-mauthausen.org\/es\/wp-json\/wp\/v2\/pages\/134\/revisions\/270"}],"wp:attachment":[{"href":"https:\/\/projectesachsenhausen.amical-mauthausen.org\/es\/wp-json\/wp\/v2\/media?parent=134"}],"curies":[{"name":"wp","href":"https:\/\/api.w.org\/{rel}","templated":true}]}}