{"id":136,"date":"2021-01-18T10:09:27","date_gmt":"2021-01-18T10:09:27","guid":{"rendered":"http:\/\/projectesachsenhausen.amical-mauthausen.org\/informacio-del-camp\/"},"modified":"2022-12-21T11:00:11","modified_gmt":"2022-12-21T11:00:11","slug":"informacion-del-campo","status":"publish","type":"page","link":"https:\/\/projectesachsenhausen.amical-mauthausen.org\/es\/informacion-del-campo\/","title":{"rendered":"Informaci\u00f3n del campo"},"content":{"rendered":"<p>La importancia de Sachsenhausen no solo radica en su proximidad a la capital, sino como un modelo a seguir por los dem\u00e1s campos del r\u00e9gimen, al tener una escuela de comandantes, la Central de Inspecci\u00f3n (IKL), desde donde se coordinaban todas las directrices para el resto de los recintos concentracionarios. Por Sachsenhausen llegaron a pasar entre 1936 y 1945 alrededor de 200.000 prisioneros (incluidas alrededor de 4.000 mujeres), de los que se sospecha que murieron m\u00e1s de 45.000 a causa de malnutrici\u00f3n, enfermedades, ahorcamientos, fusilamientos y en la c\u00e1mara de gas construida en 1944.<\/p>\n<p>En sus alrededores hab\u00eda importantes f\u00e1bricas, donde los prisioneros trabajaron como mano de obra esclava para la industria b\u00e9lica alemana. El campo fue conocido por sus pr\u00e1cticas de exterminio, con la perpetraci\u00f3n de asesinatos masivos de prisioneros de guerra sovi\u00e9ticos capturados en el frente ruso, y por llevarse a cabo, durante a\u00f1os, la mayor operaci\u00f3n secreta de falsificaci\u00f3n de moneda (libras esterlinas y d\u00f3lares) llamada \u201cOperaci\u00f3n Bernhard\u201d, realizada con mano de obra jud\u00eda y con el objetivo de minar la econom\u00eda de los aliados. Con el avance del ej\u00e9rcito sovi\u00e9tico sobre la capital alemana, el campo fue liberado por una unidad polaca del Ej\u00e9rcito Rojo el 22 de abril de 1945.<\/p>\n<p>La mayor\u00eda de los republicanos deportados a Sachsenhausen llegaron desde Compi\u00e8gne a partir de enero de 1943. Aun as\u00ed, en los registros del campo queda constatado que en 1941 ya hab\u00eda presencia espa\u00f1ola en el campo, concretamente la de un republicano, llamado Pedro Arroyo Navarro, internado el 14 de junio y del que no qued\u00f3 informaci\u00f3n de su destino. El 20 de octubre de 1942, llegaron al campo 6 espa\u00f1oles m\u00e1s, originarios de Sevilla y alrededores. Eran trabajadores forzados en una f\u00e1brica de neum\u00e1ticos en Hannover que fueron internados en el campo como represalia por actividades de sabotaje.<\/p>\n","protected":false},"excerpt":{"rendered":"<p>La importancia de Sachsenhausen no solo radica en su proximidad a la capital, sino como un modelo a seguir por los dem\u00e1s campos del r\u00e9gimen, al tener una escuela de comandantes, la Central de Inspecci\u00f3n (IKL), desde donde se coordinaban todas las directrices para el resto de los recintos concentracionarios. Por Sachsenhausen llegaron a pasar [&hellip;]<\/p>\n","protected":false},"author":1,"featured_media":0,"parent":0,"menu_order":0,"comment_status":"closed","ping_status":"closed","template":"","meta":{"_acf_changed":false,"footnotes":""},"class_list":["post-136","page","type-page","status-publish","hentry"],"acf":[],"_links":{"self":[{"href":"https:\/\/projectesachsenhausen.amical-mauthausen.org\/es\/wp-json\/wp\/v2\/pages\/136","targetHints":{"allow":["GET"]}}],"collection":[{"href":"https:\/\/projectesachsenhausen.amical-mauthausen.org\/es\/wp-json\/wp\/v2\/pages"}],"about":[{"href":"https:\/\/projectesachsenhausen.amical-mauthausen.org\/es\/wp-json\/wp\/v2\/types\/page"}],"author":[{"embeddable":true,"href":"https:\/\/projectesachsenhausen.amical-mauthausen.org\/es\/wp-json\/wp\/v2\/users\/1"}],"replies":[{"embeddable":true,"href":"https:\/\/projectesachsenhausen.amical-mauthausen.org\/es\/wp-json\/wp\/v2\/comments?post=136"}],"version-history":[{"count":6,"href":"https:\/\/projectesachsenhausen.amical-mauthausen.org\/es\/wp-json\/wp\/v2\/pages\/136\/revisions"}],"predecessor-version":[{"id":225,"href":"https:\/\/projectesachsenhausen.amical-mauthausen.org\/es\/wp-json\/wp\/v2\/pages\/136\/revisions\/225"}],"wp:attachment":[{"href":"https:\/\/projectesachsenhausen.amical-mauthausen.org\/es\/wp-json\/wp\/v2\/media?parent=136"}],"curies":[{"name":"wp","href":"https:\/\/api.w.org\/{rel}","templated":true}]}}